{"id":5290,"date":"2019-07-28T16:43:33","date_gmt":"2019-07-28T19:43:33","guid":{"rendered":"http:\/\/abenti.org.br\/Area_Membros\/?page_id=5290"},"modified":"2022-09-02T00:40:24","modified_gmt":"2022-09-02T03:40:24","slug":"cieti-2019","status":"publish","type":"page","link":"http:\/\/abenti.org.br\/Area_Membros\/cieti-2019\/","title":{"rendered":"CIETI 2019"},"content":{"rendered":"<div class=\"members-access-error\">\n<h2 style=\"text-align: center\"><strong>\u00c1rea exclusiva para membros<\/strong><\/h2>\n<h5 style=\"text-align: center\"><strong>Desculpe, mas voc\u00ea n\u00e3o tem permiss\u00e3o para visualizar este conte\u00fado.<\/strong><\/h5>\n<h5 style=\"text-align: center\"><strong>Caso seja membro e j\u00e1 tenha o seu login e senha, acesse clicando no bot\u00e3o abaixo.<\/strong><\/h5>\n<p><img class=\"wp-image-5903 aligncenter\" src=\"http:\/\/abenti.org.br\/Area_Membros\/wp-content\/uploads\/2023\/01\/botao-acessar-curso-criar-videos-animados-300x90.png\" alt=\"\" width=\"150\" height=\"45\" \/><\/div>\n","protected":false},"excerpt":{"rendered":"<div class=\"members-access-error\">\n<h2 style=\"text-align: center\"><strong>\u00c1rea exclusiva para membros<\/strong><\/h2>\n<h5 style=\"text-align: center\"><strong>Desculpe, mas voc\u00ea n\u00e3o tem permiss\u00e3o para visualizar este conte\u00fado.<\/strong><\/h5>\n<h5 style=\"text-align: center\"><strong>Caso seja membro e j\u00e1 tenha o seu login e senha, acesse clicando no bot\u00e3o abaixo.<\/strong><\/h5>\n<p><img class=\"wp-image-5903 aligncenter\" src=\"http:\/\/abenti.org.br\/Area_Membros\/wp-content\/uploads\/2023\/01\/botao-acessar-curso-criar-videos-animados-300x90.png\" alt=\"\" width=\"150\" height=\"45\" \/><\/div>\n","protected":false},"author":1,"featured_media":0,"parent":0,"menu_order":0,"comment_status":"closed","ping_status":"closed","template":"","meta":{"footnotes":""},"_links":{"self":[{"href":"http:\/\/abenti.org.br\/Area_Membros\/wp-json\/wp\/v2\/pages\/5290"}],"collection":[{"href":"http:\/\/abenti.org.br\/Area_Membros\/wp-json\/wp\/v2\/pages"}],"about":[{"href":"http:\/\/abenti.org.br\/Area_Membros\/wp-json\/wp\/v2\/types\/page"}],"author":[{"embeddable":true,"href":"http:\/\/abenti.org.br\/Area_Membros\/wp-json\/wp\/v2\/users\/1"}],"replies":[{"embeddable":true,"href":"http:\/\/abenti.org.br\/Area_Membros\/wp-json\/wp\/v2\/comments?post=5290"}],"version-history":[{"count":47,"href":"http:\/\/abenti.org.br\/Area_Membros\/wp-json\/wp\/v2\/pages\/5290\/revisions"}],"predecessor-version":[{"id":5763,"href":"http:\/\/abenti.org.br\/Area_Membros\/wp-json\/wp\/v2\/pages\/5290\/revisions\/5763"}],"wp:attachment":[{"href":"http:\/\/abenti.org.br\/Area_Membros\/wp-json\/wp\/v2\/media?parent=5290"}],"curies":[{"name":"wp","href":"https:\/\/api.w.org\/{rel}","templated":true}]}}