{"id":8,"date":"2013-05-31T08:44:43","date_gmt":"2013-05-31T08:44:43","guid":{"rendered":"http:\/\/impreza.us-themes.net\/"},"modified":"2024-10-30T00:57:11","modified_gmt":"2024-10-30T03:57:11","slug":"sample-page-2","status":"publish","type":"page","link":"http:\/\/abenti.org.br\/Area_Membros\/","title":{"rendered":"Home"},"content":{"rendered":"<section class=\"l-section wpb_row height_medium\" id=\"INICIO\"><div class=\"l-section-h i-cf\"><div class=\"g-cols offset_small\"><div class=\"vc_col-sm-6 wpb_column vc_column_container\"><div class=\"vc_column-inner\">[vc_custom_heading text=&#8221;Bem Vindo \u00e0 ABENTI&#8221; font_container=&#8221;tag:h2|text_align:center|color:%23dd8500&#8243; google_fonts=&#8221;font_family:Hind%3A300%2Cregular%2C500%2C600%2C700|font_style:300%20light%20regular%3A300%3Anormal&#8221;][vc_custom_heading text=&#8221;Seja um ASSOCIADO ABENTI&#8221; font_container=&#8221;tag:h3|text_align:center|color:%23dd3333&#8243; google_fonts=&#8221;font_family:Dosis%3A200%2C300%2Cregular%2C500%2C600%2C700%2C800|font_style:300%20light%20regular%3A300%3Anormal&#8221;]<div class=\"wpb_text_column \"><div class=\"wpb_wrapper\"><p>A Enfermagem em Terapia Intensiva, sendo uma especialidade voltada para a assist\u00eancia ao paciente cr\u00edtico, necessita de constante aprimoramento, estudo e vivencias pr\u00e1ticas seguras e dignas, utilizando a melhora pr\u00e1tica\u00a0baseada em evid\u00eancia.\u00a0Essa integra\u00e7\u00e3o de conhecimentos e pensamento cr\u00edtico desenvolve e estimula a autonomia profissional, gerando, assim maior valoriza\u00e7\u00e3o.<\/p>\n<p>\u00c9 pesando em fortificar e consolidar a especialidade, garantindo a\u00e7\u00f5es coletivas que intensifiquem o desenvolvimento t\u00e9cnico-cientifico do profissional Enfermeiro que a ABENTI precisa de voc\u00ea como associado.<\/p>\n<p>Fortalecendo a associa\u00e7\u00e3o, poderemos discutir nossas pr\u00e1ticas, forma\u00e7\u00e3o, al\u00e9m de aproximar grandes refer\u00eancias da Enfermagem Intensiva do seu dia a dia.<\/p>\n<p>Associe-se e venha participar do nosso grupo, ampliar seu aprendizado e contribuir para o desenvolvimento da Enfermagem em Terapia Intensiva!<\/p>\n<p>Juntos faremos uma revolu\u00e7\u00e3o no posicionamento da Enfermagem Intensiva Brasileira<\/p><\/div> <\/div> <\/div><\/div><div class=\"vc_col-sm-6 wpb_column vc_column_container\"><div class=\"vc_column-inner\"><div class=\"w-image\"><div class=\"us-frame\"><img loading=\"lazy\" decoding=\"async\" width=\"724\" height=\"483\" src=\"http:\/\/abenti.org.br\/Area_Membros\/wp-content\/uploads\/2019\/03\/Pessoa-usando-tablet-na-empresa-iStock.jpg\" class=\"attachment-large size-large\" alt=\"\" srcset=\"http:\/\/abenti.org.br\/Area_Membros\/wp-content\/uploads\/2019\/03\/Pessoa-usando-tablet-na-empresa-iStock.jpg 724w, http:\/\/abenti.org.br\/Area_Membros\/wp-content\/uploads\/2019\/03\/Pessoa-usando-tablet-na-empresa-iStock-300x200.jpg 300w, http:\/\/abenti.org.br\/Area_Membros\/wp-content\/uploads\/2019\/03\/Pessoa-usando-tablet-na-empresa-iStock-600x400.jpg 600w\" sizes=\"(max-width: 724px) 100vw, 724px\" \/><\/div><\/div><\/div><\/div><\/div><\/div><\/section><section class=\"l-section wpb_row height_medium color_alternate\"><div class=\"l-section-h i-cf\"><div class=\"g-cols offset_small\"><div class=\"vc_col-sm-3 wpb_column vc_column_container animate_afc\"><div class=\"vc_column-inner\"><div class=\"w-counter size_medium color_text align_center\" data-initial=\"0\" data-target=\"10\" data-prefix=\"\" data-suffix=\"\">\n\t<div class=\"w-counter-h\">\n\t\t<div class=\"w-counter-number\">\n\t\t\t0\t\t<\/div>\n\t\t\t\t\t<h6 class=\"w-counter-title\">ANOS DE EXIST\u00caNCIA<\/h6>\n\t\t\t<\/div>\n<\/div>\n<\/div><\/div><div class=\"vc_col-sm-3 wpb_column vc_column_container animate_afc d1\"><div class=\"vc_column-inner\"><div class=\"w-counter size_medium color_primary align_center\" data-initial=\"0\" data-target=\"1528\" data-prefix=\"\" data-suffix=\"\">\n\t<div class=\"w-counter-h\">\n\t\t<div class=\"w-counter-number\">\n\t\t\t0\t\t<\/div>\n\t\t\t\t\t<h6 class=\"w-counter-title\">ASSOCIADOS<\/h6>\n\t\t\t<\/div>\n<\/div>\n<\/div><\/div><div class=\"vc_col-sm-3 wpb_column vc_column_container animate_afc d2\"><div class=\"vc_column-inner\"><div class=\"w-counter size_medium color_text align_center\" data-initial=\"0\" data-target=\"148\" data-prefix=\"\" data-suffix=\"\">\n\t<div class=\"w-counter-h\">\n\t\t<div class=\"w-counter-number\">\n\t\t\t0\t\t<\/div>\n\t\t\t\t\t<h6 class=\"w-counter-title\">ESPECIALISTAS FORMADOS<\/h6>\n\t\t\t<\/div>\n<\/div>\n<\/div><\/div><div class=\"vc_col-sm-3 wpb_column vc_column_container animate_afc d3\"><div class=\"vc_column-inner\"><div class=\"w-counter size_medium color_primary align_center\" data-initial=\"0\" data-target=\"85\" data-prefix=\"\" data-suffix=\"\">\n\t<div class=\"w-counter-h\">\n\t\t<div class=\"w-counter-number\">\n\t\t\t0\t\t<\/div>\n\t\t\t\t\t<h6 class=\"w-counter-title\">CURSOS REALIZADOS<\/h6>\n\t\t\t<\/div>\n<\/div>\n<\/div><\/div><\/div><\/div><\/section><!-- Row Backgrounds --><div class=\"upb_color\" data-bg-override=\"0\" data-bg-color=\"\" data-fadeout=\"\" data-fadeout-percentage=\"30\" data-parallax-content=\"\" data-parallax-content-sense=\"30\" data-row-effect-mobile-disable=\"true\" data-img-parallax-mobile-disable=\"true\" data-rtl=\"false\"  data-custom-vc-row=\"\"  data-vc=\"4.12.1\"  data-is_old_vc=\"\"  data-theme-support=\"\"   data-overlay=\"false\" data-overlay-color=\"\" data-overlay-pattern=\"\" data-overlay-pattern-opacity=\"\" data-overlay-pattern-size=\"\"    data-seperator=\"true\"  data-seperator-type=\"tilt_left_seperator\"  data-seperator-shape-size=\"40\"  data-seperator-svg-height=\"30\"  data-seperator-full-width=\"true\" data-seperator-position=\"top_bottom_seperator\"  data-seperator-background-color=\"#dbdbdb\"  data-icon=\"\"  ><\/div><section class=\"l-section wpb_row height_medium\" id=\"ASSOCIADO\"><div class=\"l-section-h i-cf\"><div class=\"g-cols offset_small\"><div class=\"vc_col-sm-12 wpb_column vc_column_container\"><div class=\"vc_column-inner\">[vc_empty_space][vc_custom_heading text=&#8221;ASSOCIADO&#8221; font_container=&#8221;tag:h2|text_align:center|color:%23dd8500&#8243; google_fonts=&#8221;font_family:Hind%3A300%2Cregular%2C500%2C600%2C700|font_style:300%20light%20regular%3A300%3Anormal&#8221;]\t<div class=\"w-portfolio style_16 cols_3 align_center ratio_3x2 with_indents\">\t<div class=\"w-portfolio-list\"><div class=\"w-portfolio-item abenti size_1x1\" data-id=\"5209\" data-categories=\"abenti\">\n\t<a class=\"w-portfolio-item-anchor\" href=\"http:\/\/abenti.org.br\/associado-geral\/\" target=\"_blank\" style=\"background-color: #73008c;color: #ffffff;\">\n\t\t<div class=\"w-portfolio-item-image\" style=\"background-image: url(http:\/\/abenti.org.br\/Area_Membros\/wp-content\/uploads\/2019\/03\/computador-digitacao-size-598.jpg)\">\n\t\t\t<img loading=\"lazy\" decoding=\"async\" src=\"http:\/\/abenti.org.br\/Area_Membros\/wp-content\/uploads\/2019\/03\/computador-digitacao-size-598.jpg\" width=\"596\" height=\"336\" alt=\"RENOVE AQUI SUA ANUIDADE\" \/>\t\t<\/div>\n\t\t<div class=\"w-portfolio-item-image second\" style=\"background-image: url(http:\/\/abenti.org.br\/Area_Membros\/wp-content\/uploads\/2019\/03\/1-600x338.jpg)\"><img loading=\"lazy\" decoding=\"async\" src=\"http:\/\/abenti.org.br\/Area_Membros\/wp-content\/uploads\/2019\/03\/1-600x338.jpg\" width=\"600\" height=\"338\" alt=\"RENOVE AQUI SUA ANUIDADE\" \/><\/div>\t\t\t\t\t<div class=\"w-portfolio-item-meta\">\n\t\t\t\t<div class=\"w-portfolio-item-meta-h\">\n\t\t\t\t\t<h2 class=\"w-portfolio-item-title\">RENOVE AQUI SUA ANUIDADE<\/h2>\t\t\t\t\t<span class=\"w-portfolio-item-arrow\"><\/span>\n\t\t\t\t<\/div>\n\t\t\t<\/div>\n\t\t\t<\/a>\n<\/div>\n<div class=\"w-portfolio-item abenti size_1x1\" data-id=\"5208\" data-categories=\"abenti\">\n\t<a class=\"w-portfolio-item-anchor\" href=\"http:\/\/abenti.org.br\/Area_Membros\/portfolio\/atualize-seu-cadastro\/\" style=\"background-color: #ff0000;color: #ffffff;\">\n\t\t<div class=\"w-portfolio-item-image\" style=\"background-image: url(http:\/\/abenti.org.br\/Area_Membros\/wp-content\/uploads\/2019\/03\/enfermeiro-1-1000x500-600x300.jpg)\">\n\t\t\t<img loading=\"lazy\" decoding=\"async\" src=\"http:\/\/abenti.org.br\/Area_Membros\/wp-content\/uploads\/2019\/03\/enfermeiro-1-1000x500-600x300.jpg\" width=\"600\" height=\"300\" alt=\"ATUALIZE SEU CADASTRO\" \/>\t\t<\/div>\n\t\t\t\t\t\t\t<div class=\"w-portfolio-item-meta\">\n\t\t\t\t<div class=\"w-portfolio-item-meta-h\">\n\t\t\t\t\t<h2 class=\"w-portfolio-item-title\">ATUALIZE SEU CADASTRO<\/h2>\t\t\t\t\t<span class=\"w-portfolio-item-arrow\"><\/span>\n\t\t\t\t<\/div>\n\t\t\t<\/div>\n\t\t\t<\/a>\n<\/div>\n<div class=\"w-portfolio-item abenti size_1x1\" data-id=\"5225\" data-categories=\"abenti\">\n\t<a class=\"w-portfolio-item-anchor\" href=\"http:\/\/abenti.org.br\/Area_Membros\/portfolio\/atualize-seu-cadastro-2\/\" style=\"background-color: #4f2b05;color: #ffffff;\">\n\t\t<div class=\"w-portfolio-item-image\" style=\"background-image: url(http:\/\/abenti.org.br\/Area_Membros\/wp-content\/uploads\/2019\/03\/mulher-de-negocios-com-cartao-ABENTI-600x400.png)\">\n\t\t\t<img loading=\"lazy\" decoding=\"async\" src=\"http:\/\/abenti.org.br\/Area_Membros\/wp-content\/uploads\/2019\/03\/mulher-de-negocios-com-cartao-ABENTI-600x400.png\" width=\"600\" height=\"400\" alt=\"SOLICITE SEU CART\u00c3O DE MEMBRO\" \/>\t\t<\/div>\n\t\t\t\t\t\t\t<div class=\"w-portfolio-item-meta\">\n\t\t\t\t<div class=\"w-portfolio-item-meta-h\">\n\t\t\t\t\t<h2 class=\"w-portfolio-item-title\">SOLICITE SEU CART\u00c3O DE MEMBRO<\/h2>\t\t\t\t\t<span class=\"w-portfolio-item-arrow\"><\/span>\n\t\t\t\t<\/div>\n\t\t\t<\/div>\n\t\t\t<\/a>\n<\/div>\n<div class=\"w-portfolio-item abenti size_1x1\" data-id=\"5229\" data-categories=\"abenti\">\n\t<a class=\"w-portfolio-item-anchor\" href=\"http:\/\/abenti.org.br\/Area_Membros\/portfolio\/atualize-seu-cadastro-2-2\/\" style=\"background-color: #3a4202;color: #ffffff;\">\n\t\t<div class=\"w-portfolio-item-image\" style=\"background-image: url(http:\/\/abenti.org.br\/Area_Membros\/wp-content\/uploads\/2019\/03\/25010_2_EL-600x312.jpg)\">\n\t\t\t<img loading=\"lazy\" decoding=\"async\" src=\"http:\/\/abenti.org.br\/Area_Membros\/wp-content\/uploads\/2019\/03\/25010_2_EL-600x312.jpg\" width=\"600\" height=\"312\" alt=\"VISUALIZE, IMPRIMA E PAGUE SUAS FATURAS\" \/>\t\t<\/div>\n\t\t\t\t\t\t\t<div class=\"w-portfolio-item-meta\">\n\t\t\t\t<div class=\"w-portfolio-item-meta-h\">\n\t\t\t\t\t<h2 class=\"w-portfolio-item-title\">VISUALIZE, IMPRIMA E PAGUE SUAS FATURAS<\/h2>\t\t\t\t\t<span class=\"w-portfolio-item-arrow\"><\/span>\n\t\t\t\t<\/div>\n\t\t\t<\/div>\n\t\t\t<\/a>\n<\/div>\n<div class=\"w-portfolio-item abenti size_1x1\" data-id=\"5234\" data-categories=\"abenti\">\n\t<a class=\"w-portfolio-item-anchor\" href=\"http:\/\/abenti.org.br\/Area_Membros\/portfolio\/atualize-seu-cadastro-2-2-2\/\" style=\"background-color: #031c57;color: #ffffff;\">\n\t\t<div class=\"w-portfolio-item-image\" style=\"background-image: url(http:\/\/abenti.org.br\/Area_Membros\/wp-content\/uploads\/2019\/03\/Tablet-Mais-M\u00e9dicos-600x400.jpg)\">\n\t\t\t<img loading=\"lazy\" decoding=\"async\" src=\"http:\/\/abenti.org.br\/Area_Membros\/wp-content\/uploads\/2019\/03\/Tablet-Mais-M\u00e9dicos-600x400.jpg\" width=\"600\" height=\"400\" alt=\"GERENCIE SUAS PREFER\u00caNCIAS E CONFIGURA\u00c7\u00d5ES DE NOTIFICA\u00c7\u00c3O PARA SUA CONTA\" \/>\t\t<\/div>\n\t\t\t\t\t\t\t<div class=\"w-portfolio-item-meta\">\n\t\t\t\t<div class=\"w-portfolio-item-meta-h\">\n\t\t\t\t\t<h2 class=\"w-portfolio-item-title\">GERENCIE SUAS PREFER\u00caNCIAS E CONFIGURA\u00c7\u00d5ES DE NOTIFICA\u00c7\u00c3O PARA SUA CONTA<\/h2>\t\t\t\t\t<span class=\"w-portfolio-item-arrow\"><\/span>\n\t\t\t\t<\/div>\n\t\t\t<\/div>\n\t\t\t<\/a>\n<\/div>\n<div class=\"w-portfolio-item abenti size_1x1\" data-id=\"5237\" data-categories=\"abenti\">\n\t<a class=\"w-portfolio-item-anchor\" href=\"http:\/\/abenti.org.br\/Area_Membros\/portfolio\/atualize-seu-cadastro-2-2-2-2\/\" style=\"background-color: #026157;color: #ffffff;\">\n\t\t<div class=\"w-portfolio-item-image\" style=\"background-image: url(http:\/\/abenti.org.br\/Area_Membros\/wp-content\/uploads\/2019\/03\/empresa-5cbb328ba3ef9d8034959fea71ae8aab5302865fc454a3c5c91d04540448fc31-600x400.jpg)\">\n\t\t\t<img loading=\"lazy\" decoding=\"async\" src=\"http:\/\/abenti.org.br\/Area_Membros\/wp-content\/uploads\/2019\/03\/empresa-5cbb328ba3ef9d8034959fea71ae8aab5302865fc454a3c5c91d04540448fc31-600x400.jpg\" width=\"600\" height=\"400\" alt=\"DESENVOLVIMENTO PROFISSIONAL\" \/>\t\t<\/div>\n\t\t\t\t\t\t\t<div class=\"w-portfolio-item-meta\">\n\t\t\t\t<div class=\"w-portfolio-item-meta-h\">\n\t\t\t\t\t<h2 class=\"w-portfolio-item-title\">DESENVOLVIMENTO PROFISSIONAL<\/h2>\t\t\t\t\t<span class=\"w-portfolio-item-arrow\"><\/span>\n\t\t\t\t<\/div>\n\t\t\t<\/div>\n\t\t\t<\/a>\n<\/div>\n<\/div><\/div><\/div><\/div><div class=\"vc_col-sm-12 wpb_column vc_column_container\"><div class=\"vc_column-inner\"><\/div><\/div><div class=\"vc_col-sm-12 wpb_column vc_column_container\"><div class=\"vc_column-inner\"><\/div><\/div><\/div><\/div><\/section><!-- Row Backgrounds --><div class=\"upb_color\" data-bg-override=\"0\" data-bg-color=\"\" data-fadeout=\"\" data-fadeout-percentage=\"30\" data-parallax-content=\"\" data-parallax-content-sense=\"30\" data-row-effect-mobile-disable=\"true\" data-img-parallax-mobile-disable=\"true\" data-rtl=\"false\"  data-custom-vc-row=\"\"  data-vc=\"4.12.1\"  data-is_old_vc=\"\"  data-theme-support=\"\"   data-overlay=\"false\" data-overlay-color=\"\" data-overlay-pattern=\"\" data-overlay-pattern-opacity=\"\" data-overlay-pattern-size=\"\"    ><\/div><section class=\"l-section wpb_row height_large with_img parallax_ver with_overlay\" id=\"EDUCACAO\"><div class=\"l-section-img\" style=\"background-image: url(http:\/\/abenti.org.br\/Area_Membros\/wp-content\/uploads\/2019\/03\/gray-background-1440x900.jpg);background-repeat: no-repeat;\" data-img-width=\"1440\" data-img-height=\"900\"><\/div><div class=\"l-section-overlay\" style=\"background-color: rgba(234,234,234,0.75)\"><\/div><div class=\"l-section-h i-cf\"><div class=\"g-cols offset_small\"><div class=\"vc_col-sm-12 wpb_column vc_column_container\"><div class=\"vc_column-inner\">[vc_custom_heading text=&#8221;EDUCA\u00c7\u00c3O&#8221; font_container=&#8221;tag:h2|text_align:center|color:%23dd8500&#8243; google_fonts=&#8221;font_family:Hind%3A300%2Cregular%2C500%2C600%2C700|font_style:300%20light%20regular%3A300%3Anormal&#8221;]<div class=\"g-cols wpb_row offset_small vc_inner \"><div class=\"vc_col-sm-3 wpb_column vc_column_container\"><div class=\"vc_column-inner\"><div class=\"w-iconbox iconpos_left size_medium style_default color_primary\"><div class=\"w-iconbox-icon\"><i class=\"mdfi_action_done_all\"><\/i><\/div><h5 class=\"w-iconbox-title\">CURSOS ON LINE<\/h5><\/div><div class=\"w-separator type_default size_medium thick_1 style_solid color_border cont_none\"><span class=\"w-separator-h\"><\/span><\/div><div class=\"w-iconbox iconpos_left size_medium style_default color_primary\"><div class=\"w-iconbox-icon\"><i class=\"mdfi_action_done_all\"><\/i><\/div><h5 class=\"w-iconbox-title\">GRUPOS DE INTERESSE<\/h5><\/div><\/div><\/div><div class=\"vc_col-sm-3 wpb_column vc_column_container\"><div class=\"vc_column-inner\"><div class=\"w-iconbox iconpos_left size_medium style_default color_primary\"><div class=\"w-iconbox-icon\"><i class=\"mdfi_action_done_all\"><\/i><\/div><h5 class=\"w-iconbox-title\">WEBMEETINS<\/h5><\/div><div class=\"w-separator type_default size_medium thick_1 style_solid color_border cont_none\"><span class=\"w-separator-h\"><\/span><\/div><div class=\"w-iconbox iconpos_left size_medium style_default color_primary\"><div class=\"w-iconbox-icon\"><i class=\"mdfi_action_done_all\"><\/i><\/div><h5 class=\"w-iconbox-title\">PUBLICA\u00c7\u00d5ES E GUIDELINES<\/h5><\/div><\/div><\/div><div class=\"vc_col-sm-3 wpb_column vc_column_container\"><div class=\"vc_column-inner\"><div class=\"w-iconbox iconpos_left size_medium style_default color_primary\"><div class=\"w-iconbox-icon\"><i class=\"mdfi_action_done_all\"><\/i><\/div><h5 class=\"w-iconbox-title\">WEBNARS<\/h5><\/div><div class=\"w-separator type_default size_medium thick_1 style_solid color_border cont_none\"><span class=\"w-separator-h\"><\/span><\/div><div class=\"w-iconbox iconpos_left size_medium style_default color_primary\"><div class=\"w-iconbox-icon\"><i class=\"mdfi_action_done_all\"><\/i><\/div><h5 class=\"w-iconbox-title\">REVISTAS E ARTIGOS DE INTERESSE<\/h5><\/div><\/div><\/div><div class=\"vc_col-sm-3 wpb_column vc_column_container\"><div class=\"vc_column-inner\"><div class=\"w-iconbox iconpos_left size_medium style_default color_primary\"><div class=\"w-iconbox-icon\"><i class=\"mdfi_action_done_all\"><\/i><\/div><h5 class=\"w-iconbox-title\">PODCAST<\/h5><\/div><div class=\"w-separator type_default size_medium thick_1 style_solid color_border cont_none\"><span class=\"w-separator-h\"><\/span><\/div><div class=\"w-iconbox iconpos_left size_medium style_default color_primary\"><div class=\"w-iconbox-icon\"><i class=\"mdfi_action_done_all\"><\/i><\/div><h5 class=\"w-iconbox-title\">ARTIGOS COMENTADOS<\/h5><\/div><\/div><\/div><\/div><\/div><\/div><\/div><\/div><\/section><!-- Row Backgrounds --><div class=\"upb_color\" data-bg-override=\"0\" data-bg-color=\"\" data-fadeout=\"\" data-fadeout-percentage=\"30\" data-parallax-content=\"\" data-parallax-content-sense=\"30\" data-row-effect-mobile-disable=\"true\" data-img-parallax-mobile-disable=\"true\" data-rtl=\"false\"  data-custom-vc-row=\"\"  data-vc=\"4.12.1\"  data-is_old_vc=\"\"  data-theme-support=\"\"   data-overlay=\"false\" data-overlay-color=\"\" data-overlay-pattern=\"\" data-overlay-pattern-opacity=\"\" data-overlay-pattern-size=\"\"    data-seperator=\"true\"  data-seperator-type=\"triangle_svg_seperator\"  data-seperator-shape-size=\"40\"  data-seperator-svg-height=\"30\"  data-seperator-full-width=\"true\" data-seperator-position=\"top_seperator\"  data-seperator-background-color=\"#ffffff\"  data-icon=\"\"  ><\/div><section class=\"l-section wpb_row height_large\" id=\"EVENTOS\"><div class=\"l-section-h i-cf\"><div class=\"g-cols offset_small\"><div class=\"vc_col-sm-12 wpb_column vc_column_container\"><div class=\"vc_column-inner\">[vc_custom_heading text=&#8221;EVENTOS&#8221; font_container=&#8221;tag:h2|text_align:center|color:%23dd8500&#8243; google_fonts=&#8221;font_family:Hind%3A300%2Cregular%2C500%2C600%2C700|font_style:300%20light%20regular%3A300%3Anormal&#8221;]<div class=\"g-cols wpb_row offset_small vc_inner \"><div class=\"vc_col-sm-4 wpb_column vc_column_container\"><div class=\"vc_column-inner\"><div class=\"w-iconbox iconpos_left size_medium style_default color_primary\"><div class=\"w-iconbox-icon\"><i class=\"mdfi_hardware_laptop_windows\"><\/i><\/div><h5 class=\"w-iconbox-title\">CIETI<\/h5><\/div><div class=\"w-separator type_default size_medium thick_1 style_solid color_border cont_none\"><span class=\"w-separator-h\"><\/span><\/div><div class=\"w-iconbox iconpos_left size_medium style_default color_primary\"><div class=\"w-iconbox-icon\"><i class=\"mdfi_hardware_laptop_windows\"><\/i><\/div><h5 class=\"w-iconbox-title\">EVENTOS HOSPITALARES<\/h5><\/div><\/div><\/div><div class=\"vc_col-sm-4 wpb_column vc_column_container\"><div class=\"vc_column-inner\"><div class=\"w-iconbox iconpos_left size_medium style_default color_primary\"><div class=\"w-iconbox-icon\"><i class=\"mdfi_hardware_laptop_windows\"><\/i><\/div><h5 class=\"w-iconbox-title\">CBMI<\/h5><\/div><div class=\"w-separator type_default size_medium thick_1 style_solid color_border cont_none\"><span class=\"w-separator-h\"><\/span><\/div><div class=\"w-iconbox iconpos_left size_medium style_default color_primary\"><div class=\"w-iconbox-icon\"><i class=\"mdfi_hardware_laptop_windows\"><\/i><\/div><h5 class=\"w-iconbox-title\">EVENTOS REGIONAIS<\/h5><\/div><\/div><\/div><div class=\"vc_col-sm-4 wpb_column vc_column_container\"><div class=\"vc_column-inner\"><div class=\"w-iconbox iconpos_left size_medium style_default color_primary\"><div class=\"w-iconbox-icon\"><i class=\"mdfi_hardware_laptop_windows\"><\/i><\/div><h5 class=\"w-iconbox-title\">P\u00d3S GRADUA\u00c7\u00c3O<\/h5><\/div><div class=\"w-separator type_default size_medium thick_1 style_solid color_border cont_none\"><span class=\"w-separator-h\"><\/span><\/div><\/div><\/div><\/div><\/div><\/div><\/div><\/div><\/section><!-- Row Backgrounds --><div class=\"upb_color\" data-bg-override=\"0\" data-bg-color=\"rgba(221,202,168,0.5)\" data-fadeout=\"\" data-fadeout-percentage=\"30\" data-parallax-content=\"\" data-parallax-content-sense=\"30\" data-row-effect-mobile-disable=\"true\" data-img-parallax-mobile-disable=\"true\" data-rtl=\"false\"  data-custom-vc-row=\"\"  data-vc=\"4.12.1\"  data-is_old_vc=\"\"  data-theme-support=\"\"   data-overlay=\"false\" data-overlay-color=\"\" data-overlay-pattern=\"\" data-overlay-pattern-opacity=\"\" data-overlay-pattern-size=\"\"    ><\/div><section class=\"l-section wpb_row height_medium\" id=\"PARCEIROS\"><div class=\"l-section-h i-cf\"><div class=\"g-cols offset_small\"><div class=\"vc_col-sm-12 wpb_column vc_column_container\"><div class=\"vc_column-inner\">[vc_custom_heading text=&#8221;PARCEIROS&#8221; font_container=&#8221;tag:h2|text_align:center|color:%23dd8500&#8243; google_fonts=&#8221;font_family:Hind%3A300%2Cregular%2C500%2C600%2C700|font_style:300%20light%20regular%3A300%3Anormal&#8221;]<div class=\"w-logos style_3 nav_arrows with_indents type_carousel cols_4\"><div class=\"w-logos-list\" data-items=\"4\" data-autoplay=\"1\" data-timeout=\"3000\" data-nav=\"1\"><div class=\"w-logos-item\"><img loading=\"lazy\" decoding=\"async\" width=\"200\" height=\"200\" src=\"http:\/\/abenti.org.br\/Area_Membros\/wp-content\/uploads\/2019\/03\/WFCCN.jpg\" class=\"attachment-medium size-medium\" alt=\"\" srcset=\"http:\/\/abenti.org.br\/Area_Membros\/wp-content\/uploads\/2019\/03\/WFCCN.jpg 200w, http:\/\/abenti.org.br\/Area_Membros\/wp-content\/uploads\/2019\/03\/WFCCN-150x150.jpg 150w\" sizes=\"(max-width: 200px) 100vw, 200px\" \/><\/div><div class=\"w-logos-item\"><img loading=\"lazy\" decoding=\"async\" width=\"200\" height=\"200\" src=\"http:\/\/abenti.org.br\/Area_Membros\/wp-content\/uploads\/2019\/03\/AMIB.jpg\" class=\"attachment-medium size-medium\" alt=\"\" srcset=\"http:\/\/abenti.org.br\/Area_Membros\/wp-content\/uploads\/2019\/03\/AMIB.jpg 200w, http:\/\/abenti.org.br\/Area_Membros\/wp-content\/uploads\/2019\/03\/AMIB-150x150.jpg 150w\" sizes=\"(max-width: 200px) 100vw, 200px\" \/><\/div><div class=\"w-logos-item\"><img loading=\"lazy\" decoding=\"async\" width=\"200\" height=\"200\" src=\"http:\/\/abenti.org.br\/Area_Membros\/wp-content\/uploads\/2019\/03\/IQG.jpg\" class=\"attachment-medium size-medium\" alt=\"\" srcset=\"http:\/\/abenti.org.br\/Area_Membros\/wp-content\/uploads\/2019\/03\/IQG.jpg 200w, http:\/\/abenti.org.br\/Area_Membros\/wp-content\/uploads\/2019\/03\/IQG-150x150.jpg 150w\" sizes=\"(max-width: 200px) 100vw, 200px\" \/><\/div><div class=\"w-logos-item\"><img loading=\"lazy\" decoding=\"async\" width=\"200\" height=\"200\" src=\"http:\/\/abenti.org.br\/Area_Membros\/wp-content\/uploads\/2019\/03\/IBSP.jpg\" class=\"attachment-medium size-medium\" alt=\"\" srcset=\"http:\/\/abenti.org.br\/Area_Membros\/wp-content\/uploads\/2019\/03\/IBSP.jpg 200w, http:\/\/abenti.org.br\/Area_Membros\/wp-content\/uploads\/2019\/03\/IBSP-150x150.jpg 150w\" sizes=\"(max-width: 200px) 100vw, 200px\" \/><\/div><\/div><\/div><\/div><\/div><\/div><\/div><\/section>\n","protected":false},"excerpt":{"rendered":"","protected":false},"author":1,"featured_media":0,"parent":0,"menu_order":0,"comment_status":"closed","ping_status":"closed","template":"","meta":{"footnotes":""},"_links":{"self":[{"href":"http:\/\/abenti.org.br\/Area_Membros\/wp-json\/wp\/v2\/pages\/8"}],"collection":[{"href":"http:\/\/abenti.org.br\/Area_Membros\/wp-json\/wp\/v2\/pages"}],"about":[{"href":"http:\/\/abenti.org.br\/Area_Membros\/wp-json\/wp\/v2\/types\/page"}],"author":[{"embeddable":true,"href":"http:\/\/abenti.org.br\/Area_Membros\/wp-json\/wp\/v2\/users\/1"}],"replies":[{"embeddable":true,"href":"http:\/\/abenti.org.br\/Area_Membros\/wp-json\/wp\/v2\/comments?post=8"}],"version-history":[{"count":64,"href":"http:\/\/abenti.org.br\/Area_Membros\/wp-json\/wp\/v2\/pages\/8\/revisions"}],"predecessor-version":[{"id":6098,"href":"http:\/\/abenti.org.br\/Area_Membros\/wp-json\/wp\/v2\/pages\/8\/revisions\/6098"}],"wp:attachment":[{"href":"http:\/\/abenti.org.br\/Area_Membros\/wp-json\/wp\/v2\/media?parent=8"}],"curies":[{"name":"wp","href":"https:\/\/api.w.org\/{rel}","templated":true}]}}